{"id":731,"date":"2022-01-24T15:18:07","date_gmt":"2022-01-24T20:18:07","guid":{"rendered":"https:\/\/dev.entreprises-fm.com\/suspensions\/"},"modified":"2022-07-29T12:39:59","modified_gmt":"2022-07-29T16:39:59","slug":"suspensions","status":"publish","type":"page","link":"https:\/\/www.entreprises-fm.com\/en\/suspensions\/","title":{"rendered":"Suspensions"},"content":{"rendered":"<p>[et_pb_section fb_built=&#8221;1&#8243; admin_label=&#8221;Hero&#8221; _builder_version=&#8221;4.17.3&#8243; use_background_color_gradient=&#8221;on&#8221; background_color_gradient_type=&#8221;circular&#8221; background_color_gradient_direction_radial=&#8221;top left&#8221; background_color_gradient_stops=&#8221;rgba(40,40,40,0.79) 0%|rgba(40,40,40,0.86) 100%&#8221; background_color_gradient_overlays_image=&#8221;on&#8221; background_color_gradient_start=&#8221;rgba(40,40,40,0.79)&#8221; background_color_gradient_end=&#8221;rgba(40,40,40,0.86)&#8221; background_image=&#8221;https:\/\/www.entreprises-fm.com\/wp-content\/uploads\/2022\/05\/yamaha-g247883909_1920.jpg&#8221; custom_margin=&#8221;||||false&#8221; custom_padding=&#8221;5vw||5vw||true|false&#8221; hover_enabled=&#8221;0&#8243; global_colors_info=&#8221;{}&#8221; title_text=&#8221;yamaha-g247883909_1920&#8243; sticky_enabled=&#8221;0&#8243;][et_pb_row _builder_version=&#8221;4.16&#8243; global_colors_info=&#8221;{}&#8221;][et_pb_column type=&#8221;4_4&#8243; _builder_version=&#8221;4.16&#8243; custom_padding=&#8221;|||&#8221; global_colors_info=&#8221;{}&#8221; custom_padding__hover=&#8221;|||&#8221;][et_pb_divider color=&#8221;#ffb400&#8243; divider_position=&#8221;center&#8221; divider_weight=&#8221;5px&#8221; _builder_version=&#8221;4.16&#8243; max_width=&#8221;50px&#8221; module_alignment=&#8221;center&#8221; locked=&#8221;off&#8221; global_colors_info=&#8221;{}&#8221;][\/et_pb_divider][et_pb_text _builder_version=&#8221;4.16&#8243; text_font=&#8221;||||||||&#8221; header_font=&#8221;Rubik|700|||||||&#8221; header_font_size=&#8221;64px&#8221; header_line_height=&#8221;1.1em&#8221; text_orientation=&#8221;center&#8221; background_layout=&#8221;dark&#8221; max_width=&#8221;800px&#8221; module_alignment=&#8221;center&#8221; custom_margin=&#8221;||0px|&#8221; custom_padding=&#8221;|||16px&#8221; text_font_size_tablet=&#8221;14px&#8221; text_font_size_last_edited=&#8221;off|desktop&#8221; header_font_size_tablet=&#8221;44px&#8221; header_font_size_phone=&#8221;32px&#8221; header_font_size_last_edited=&#8221;on|phone&#8221; global_colors_info=&#8221;{}&#8221;]<\/p>\n<h1>Suspensions<\/h1>\n<p>[\/et_pb_text][et_pb_text _builder_version=&#8221;4.16&#8243; text_font=&#8221;||||||||&#8221; text_font_size=&#8221;22px&#8221; text_line_height=&#8221;1.6em&#8221; header_font=&#8221;||||||||&#8221; text_orientation=&#8221;center&#8221; background_layout=&#8221;dark&#8221; max_width=&#8221;800px&#8221; module_alignment=&#8221;center&#8221; custom_margin=&#8221;|||&#8221; custom_padding=&#8221;20px||20px||true&#8221; text_font_size_tablet=&#8221;18px&#8221; text_font_size_phone=&#8221;&#8221; text_font_size_last_edited=&#8221;on|phone&#8221; global_colors_info=&#8221;{}&#8221;]<\/p>\n<p>We offer suspension maintenance and modifications on motorcycles, ATVs and side-by-sides.<\/p>\n<p>[\/et_pb_text][et_pb_button button_url=&#8221;https:\/\/www.entreprises-fm.com\/en\/contact-us\/#contact&#8221; button_text=&#8221;MAKE AN APPOINTMENT !&#8221; button_alignment=&#8221;center&#8221; _builder_version=&#8221;4.16&#8243; custom_button=&#8221;on&#8221; button_text_size=&#8221;14px&#8221; button_bg_color=&#8221;#ffb400&#8243; button_border_width=&#8221;12px&#8221; button_border_color=&#8221;#ffb400&#8243; button_border_radius=&#8221;0px&#8221; button_letter_spacing=&#8221;4px&#8221; button_font=&#8221;Rubik|700||on|||||&#8221; button_icon=&#8221;&#x24;||divi||400&#8243; background_layout=&#8221;dark&#8221; custom_margin=&#8221;|||&#8221; global_colors_info=&#8221;{}&#8221; button_text_size__hover_enabled=&#8221;off&#8221; button_one_text_size__hover_enabled=&#8221;off&#8221; button_two_text_size__hover_enabled=&#8221;off&#8221; button_text_color__hover_enabled=&#8221;off&#8221; button_one_text_color__hover_enabled=&#8221;off&#8221; button_two_text_color__hover_enabled=&#8221;off&#8221; button_border_width__hover_enabled=&#8221;off&#8221; button_one_border_width__hover_enabled=&#8221;off&#8221; button_two_border_width__hover_enabled=&#8221;off&#8221; button_border_color__hover_enabled=&#8221;off&#8221; button_one_border_color__hover_enabled=&#8221;off&#8221; button_two_border_color__hover_enabled=&#8221;off&#8221; button_border_radius__hover_enabled=&#8221;off&#8221; button_one_border_radius__hover_enabled=&#8221;off&#8221; button_two_border_radius__hover_enabled=&#8221;off&#8221; button_letter_spacing__hover_enabled=&#8221;off&#8221; button_one_letter_spacing__hover_enabled=&#8221;off&#8221; button_two_letter_spacing__hover_enabled=&#8221;off&#8221; button_bg_color__hover_enabled=&#8221;off&#8221; button_one_bg_color__hover_enabled=&#8221;off&#8221; button_two_bg_color__hover_enabled=&#8221;off&#8221;][\/et_pb_button][\/et_pb_column][\/et_pb_row][\/et_pb_section]<\/p>\n","protected":false},"excerpt":{"rendered":"<p>SuspensionsWe offer suspension maintenance and modifications on motorcycles, ATVs and side-by-sides.<\/p>\n","protected":false},"author":1,"featured_media":0,"parent":0,"menu_order":0,"comment_status":"closed","ping_status":"closed","template":"","meta":{"_et_pb_use_builder":"on","_et_pb_old_content":"","_et_gb_content_width":"","footnotes":""},"class_list":["post-731","page","type-page","status-publish","hentry"],"yoast_head":"<!-- This site is optimized with the Yoast SEO plugin v26.7 - https:\/\/yoast.com\/wordpress\/plugins\/seo\/ -->\n<title>Suspensions - Les Entreprises Fran\u00e7ois Michel<\/title>\n<meta name=\"robots\" content=\"index, follow, max-snippet:-1, max-image-preview:large, max-video-preview:-1\" \/>\n<link rel=\"canonical\" href=\"https:\/\/www.entreprises-fm.com\/en\/suspensions\/\" \/>\n<meta property=\"og:locale\" content=\"en_US\" \/>\n<meta property=\"og:type\" content=\"article\" \/>\n<meta property=\"og:title\" content=\"Suspensions - Les Entreprises Fran\u00e7ois Michel\" \/>\n<meta property=\"og:description\" content=\"SuspensionsWe offer suspension maintenance and modifications on motorcycles, ATVs and side-by-sides.\" \/>\n<meta property=\"og:url\" content=\"https:\/\/www.entreprises-fm.com\/en\/suspensions\/\" \/>\n<meta property=\"og:site_name\" content=\"Les Entreprises Fran\u00e7ois Michel\" \/>\n<meta property=\"article:modified_time\" content=\"2022-07-29T16:39:59+00:00\" \/>\n<meta property=\"og:image\" content=\"https:\/\/www.entreprises-fm.com\/wp-content\/uploads\/2021\/12\/les-entreprises-fm-logo-og.jpg\" \/>\n\t<meta property=\"og:image:width\" content=\"1200\" \/>\n\t<meta property=\"og:image:height\" content=\"630\" \/>\n\t<meta property=\"og:image:type\" content=\"image\/jpeg\" \/>\n<meta name=\"twitter:card\" content=\"summary_large_image\" \/>\n<meta name=\"twitter:label1\" content=\"Est. reading time\" \/>\n\t<meta name=\"twitter:data1\" content=\"2 minutes\" \/>\n<script type=\"application\/ld+json\" class=\"yoast-schema-graph\">{\"@context\":\"https:\/\/schema.org\",\"@graph\":[{\"@type\":\"WebPage\",\"@id\":\"https:\/\/www.entreprises-fm.com\/en\/suspensions\/\",\"url\":\"https:\/\/www.entreprises-fm.com\/en\/suspensions\/\",\"name\":\"Suspensions - Les Entreprises Fran\u00e7ois Michel\",\"isPartOf\":{\"@id\":\"https:\/\/www.entreprises-fm.com\/en\/#website\"},\"datePublished\":\"2022-01-24T20:18:07+00:00\",\"dateModified\":\"2022-07-29T16:39:59+00:00\",\"breadcrumb\":{\"@id\":\"https:\/\/www.entreprises-fm.com\/en\/suspensions\/#breadcrumb\"},\"inLanguage\":\"en-CA\",\"potentialAction\":[{\"@type\":\"ReadAction\",\"target\":[\"https:\/\/www.entreprises-fm.com\/en\/suspensions\/\"]}]},{\"@type\":\"BreadcrumbList\",\"@id\":\"https:\/\/www.entreprises-fm.com\/en\/suspensions\/#breadcrumb\",\"itemListElement\":[{\"@type\":\"ListItem\",\"position\":1,\"name\":\"Accueil\",\"item\":\"https:\/\/www.entreprises-fm.com\/en\/\"},{\"@type\":\"ListItem\",\"position\":2,\"name\":\"Suspensions\"}]},{\"@type\":\"WebSite\",\"@id\":\"https:\/\/www.entreprises-fm.com\/en\/#website\",\"url\":\"https:\/\/www.entreprises-fm.com\/en\/\",\"name\":\"Les Entreprises Fran\u00e7ois Michel\",\"description\":\"Entretien et r\u00e9paration de v\u00e9hicules r\u00e9cr\u00e9atifs\",\"potentialAction\":[{\"@type\":\"SearchAction\",\"target\":{\"@type\":\"EntryPoint\",\"urlTemplate\":\"https:\/\/www.entreprises-fm.com\/en\/?s={search_term_string}\"},\"query-input\":{\"@type\":\"PropertyValueSpecification\",\"valueRequired\":true,\"valueName\":\"search_term_string\"}}],\"inLanguage\":\"en-CA\"}]}<\/script>\n<!-- \/ Yoast SEO plugin. -->","yoast_head_json":{"title":"Suspensions - Les Entreprises Fran\u00e7ois Michel","robots":{"index":"index","follow":"follow","max-snippet":"max-snippet:-1","max-image-preview":"max-image-preview:large","max-video-preview":"max-video-preview:-1"},"canonical":"https:\/\/www.entreprises-fm.com\/en\/suspensions\/","og_locale":"en_US","og_type":"article","og_title":"Suspensions - Les Entreprises Fran\u00e7ois Michel","og_description":"SuspensionsWe offer suspension maintenance and modifications on motorcycles, ATVs and side-by-sides.","og_url":"https:\/\/www.entreprises-fm.com\/en\/suspensions\/","og_site_name":"Les Entreprises Fran\u00e7ois Michel","article_modified_time":"2022-07-29T16:39:59+00:00","og_image":[{"width":1200,"height":630,"url":"https:\/\/www.entreprises-fm.com\/wp-content\/uploads\/2021\/12\/les-entreprises-fm-logo-og.jpg","type":"image\/jpeg"}],"twitter_card":"summary_large_image","twitter_misc":{"Est. reading time":"2 minutes"},"schema":{"@context":"https:\/\/schema.org","@graph":[{"@type":"WebPage","@id":"https:\/\/www.entreprises-fm.com\/en\/suspensions\/","url":"https:\/\/www.entreprises-fm.com\/en\/suspensions\/","name":"Suspensions - Les Entreprises Fran\u00e7ois Michel","isPartOf":{"@id":"https:\/\/www.entreprises-fm.com\/en\/#website"},"datePublished":"2022-01-24T20:18:07+00:00","dateModified":"2022-07-29T16:39:59+00:00","breadcrumb":{"@id":"https:\/\/www.entreprises-fm.com\/en\/suspensions\/#breadcrumb"},"inLanguage":"en-CA","potentialAction":[{"@type":"ReadAction","target":["https:\/\/www.entreprises-fm.com\/en\/suspensions\/"]}]},{"@type":"BreadcrumbList","@id":"https:\/\/www.entreprises-fm.com\/en\/suspensions\/#breadcrumb","itemListElement":[{"@type":"ListItem","position":1,"name":"Accueil","item":"https:\/\/www.entreprises-fm.com\/en\/"},{"@type":"ListItem","position":2,"name":"Suspensions"}]},{"@type":"WebSite","@id":"https:\/\/www.entreprises-fm.com\/en\/#website","url":"https:\/\/www.entreprises-fm.com\/en\/","name":"Les Entreprises Fran\u00e7ois Michel","description":"Entretien et r\u00e9paration de v\u00e9hicules r\u00e9cr\u00e9atifs","potentialAction":[{"@type":"SearchAction","target":{"@type":"EntryPoint","urlTemplate":"https:\/\/www.entreprises-fm.com\/en\/?s={search_term_string}"},"query-input":{"@type":"PropertyValueSpecification","valueRequired":true,"valueName":"search_term_string"}}],"inLanguage":"en-CA"}]}},"_links":{"self":[{"href":"https:\/\/www.entreprises-fm.com\/en\/wp-json\/wp\/v2\/pages\/731","targetHints":{"allow":["GET"]}}],"collection":[{"href":"https:\/\/www.entreprises-fm.com\/en\/wp-json\/wp\/v2\/pages"}],"about":[{"href":"https:\/\/www.entreprises-fm.com\/en\/wp-json\/wp\/v2\/types\/page"}],"author":[{"embeddable":true,"href":"https:\/\/www.entreprises-fm.com\/en\/wp-json\/wp\/v2\/users\/1"}],"replies":[{"embeddable":true,"href":"https:\/\/www.entreprises-fm.com\/en\/wp-json\/wp\/v2\/comments?post=731"}],"version-history":[{"count":2,"href":"https:\/\/www.entreprises-fm.com\/en\/wp-json\/wp\/v2\/pages\/731\/revisions"}],"predecessor-version":[{"id":733,"href":"https:\/\/www.entreprises-fm.com\/en\/wp-json\/wp\/v2\/pages\/731\/revisions\/733"}],"wp:attachment":[{"href":"https:\/\/www.entreprises-fm.com\/en\/wp-json\/wp\/v2\/media?parent=731"}],"curies":[{"name":"wp","href":"https:\/\/api.w.org\/{rel}","templated":true}]}}