{"id":745,"date":"2022-01-24T15:12:57","date_gmt":"2022-01-24T20:12:57","guid":{"rendered":"https:\/\/dev.entreprises-fm.com\/storage\/"},"modified":"2022-12-08T11:00:36","modified_gmt":"2022-12-08T16:00:36","slug":"storage","status":"publish","type":"page","link":"https:\/\/www.entreprises-fm.com\/en\/storage\/","title":{"rendered":"Storage"},"content":{"rendered":"<p>[et_pb_section fb_built=&#8221;1&#8243; admin_label=&#8221;Hero&#8221; _builder_version=&#8221;4.17.3&#8243; use_background_color_gradient=&#8221;on&#8221; background_color_gradient_type=&#8221;circular&#8221; background_color_gradient_direction_radial=&#8221;top left&#8221; background_color_gradient_stops=&#8221;rgba(40,40,40,0.79) 0%|rgba(40,40,40,0.86) 100%&#8221; background_color_gradient_overlays_image=&#8221;on&#8221; background_color_gradient_start=&#8221;rgba(40,40,40,0.79)&#8221; background_color_gradient_end=&#8221;rgba(40,40,40,0.86)&#8221; background_image=&#8221;https:\/\/www.entreprises-fm.com\/wp-content\/uploads\/2022\/05\/quad-race-g1e70a171d_1920.jpg&#8221; custom_margin=&#8221;||||false&#8221; custom_padding=&#8221;5vw||5vw||true|false&#8221; global_colors_info=&#8221;{}&#8221;][et_pb_row _builder_version=&#8221;4.16&#8243; global_colors_info=&#8221;{}&#8221;][et_pb_column type=&#8221;4_4&#8243; _builder_version=&#8221;4.16&#8243; custom_padding=&#8221;|||&#8221; global_colors_info=&#8221;{}&#8221; custom_padding__hover=&#8221;|||&#8221;][et_pb_divider color=&#8221;#ffb400&#8243; divider_position=&#8221;center&#8221; divider_weight=&#8221;5px&#8221; _builder_version=&#8221;4.16&#8243; max_width=&#8221;50px&#8221; module_alignment=&#8221;center&#8221; locked=&#8221;off&#8221; global_colors_info=&#8221;{}&#8221;][\/et_pb_divider][et_pb_text _builder_version=&#8221;4.16&#8243; text_font=&#8221;||||||||&#8221; header_font=&#8221;Rubik|700|||||||&#8221; header_font_size=&#8221;64px&#8221; header_line_height=&#8221;1.1em&#8221; text_orientation=&#8221;center&#8221; background_layout=&#8221;dark&#8221; max_width=&#8221;800px&#8221; module_alignment=&#8221;center&#8221; custom_margin=&#8221;||0px|&#8221; custom_padding=&#8221;|||16px&#8221; text_font_size_tablet=&#8221;14px&#8221; text_font_size_last_edited=&#8221;off|desktop&#8221; header_font_size_tablet=&#8221;44px&#8221; header_font_size_phone=&#8221;32px&#8221; header_font_size_last_edited=&#8221;on|phone&#8221; global_colors_info=&#8221;{}&#8221;]<\/p>\n<h1>Storage <\/h1>\n<p>[\/et_pb_text][et_pb_text _builder_version=&#8221;4.16&#8243; text_font=&#8221;||||||||&#8221; text_font_size=&#8221;22px&#8221; text_line_height=&#8221;1.6em&#8221; header_font=&#8221;||||||||&#8221; text_orientation=&#8221;center&#8221; background_layout=&#8221;dark&#8221; max_width=&#8221;800px&#8221; module_alignment=&#8221;center&#8221; custom_margin=&#8221;|||&#8221; custom_padding=&#8221;20px||20px||true&#8221; text_font_size_tablet=&#8221;18px&#8221; text_font_size_phone=&#8221;&#8221; text_font_size_last_edited=&#8221;on|phone&#8221; global_colors_info=&#8221;{}&#8221;]<\/p>\n<p>We store your motorcycles, ATVs and snowmobiles.<\/p>\n<p>[\/et_pb_text][et_pb_button button_url=&#8221;https:\/\/www.entreprises-fm.com\/en\/contact-us\/#contact&#8221; button_text=&#8221;MAKE AN APPOINTMENT !&#8221; button_alignment=&#8221;center&#8221; _builder_version=&#8221;4.16&#8243; custom_button=&#8221;on&#8221; button_text_size=&#8221;14px&#8221; button_bg_color=&#8221;#ffb400&#8243; button_border_width=&#8221;12px&#8221; button_border_color=&#8221;#ffb400&#8243; button_border_radius=&#8221;0px&#8221; button_letter_spacing=&#8221;4px&#8221; button_font=&#8221;Rubik|700||on|||||&#8221; button_icon=&#8221;&#x24;||divi||400&#8243; background_layout=&#8221;dark&#8221; custom_margin=&#8221;|||&#8221; global_colors_info=&#8221;{}&#8221; button_text_size__hover_enabled=&#8221;off&#8221; button_one_text_size__hover_enabled=&#8221;off&#8221; button_two_text_size__hover_enabled=&#8221;off&#8221; button_text_color__hover_enabled=&#8221;off&#8221; button_one_text_color__hover_enabled=&#8221;off&#8221; button_two_text_color__hover_enabled=&#8221;off&#8221; button_border_width__hover_enabled=&#8221;off&#8221; button_one_border_width__hover_enabled=&#8221;off&#8221; button_two_border_width__hover_enabled=&#8221;off&#8221; button_border_color__hover_enabled=&#8221;off&#8221; button_one_border_color__hover_enabled=&#8221;off&#8221; button_two_border_color__hover_enabled=&#8221;off&#8221; button_border_radius__hover_enabled=&#8221;off&#8221; button_one_border_radius__hover_enabled=&#8221;off&#8221; button_two_border_radius__hover_enabled=&#8221;off&#8221; button_letter_spacing__hover_enabled=&#8221;off&#8221; button_one_letter_spacing__hover_enabled=&#8221;off&#8221; button_two_letter_spacing__hover_enabled=&#8221;off&#8221; button_bg_color__hover_enabled=&#8221;off&#8221; button_one_bg_color__hover_enabled=&#8221;off&#8221; button_two_bg_color__hover_enabled=&#8221;off&#8221;][\/et_pb_button][\/et_pb_column][\/et_pb_row][\/et_pb_section][et_pb_section fb_built=&#8221;1&#8243; use_custom_gutter=&#8221;on&#8221; gutter_width=&#8221;1&#8243; specialty=&#8221;on&#8221; background_color_2=&#8221;#f7f7f7&#8243; padding_top_2=&#8221;60px&#8221; admin_label=&#8221;About Us&#8221; module_class=&#8221; et_pb_specialty_fullwidth&#8221; _builder_version=&#8221;4.17.3&#8243; use_background_color_gradient=&#8221;on&#8221; background_color_gradient_type=&#8221;circular&#8221; background_color_gradient_direction_radial=&#8221;top left&#8221; background_color_gradient_stops=&#8221;rgba(12,12,12,0.4) 0%|rgba(12,12,12,0) 100%&#8221; background_color_gradient_overlays_image=&#8221;on&#8221; background_color_gradient_start=&#8221;rgba(12,12,12,0.4)&#8221; background_color_gradient_end=&#8221;rgba(12,12,12,0)&#8221; background_image=&#8221;https:\/\/www.entreprises-fm.com\/wp-content\/uploads\/2021\/12\/les-entreprises-fm-logo-og.jpg&#8221; background_size=&#8221;contain&#8221; background_position=&#8221;top_left&#8221; inner_width=&#8221;100%&#8221; inner_width_tablet=&#8221;100%&#8221; inner_width_phone=&#8221;100%&#8221; inner_width_last_edited=&#8221;on|desktop&#8221; inner_max_width=&#8221;100%&#8221; inner_max_width_tablet=&#8221;100%&#8221; inner_max_width_phone=&#8221;100%&#8221; inner_max_width_last_edited=&#8221;on|desktop&#8221; custom_margin=&#8221;|||&#8221; custom_padding=&#8221;0px|0px|0px|0px|true|false&#8221; make_fullwidth=&#8221;on&#8221; global_colors_info=&#8221;{}&#8221;][et_pb_column type=&#8221;1_3&#8243; _builder_version=&#8221;4.16&#8243; custom_padding=&#8221;|||&#8221; global_colors_info=&#8221;{}&#8221; custom_padding__hover=&#8221;|||&#8221;][et_pb_divider show_divider=&#8221;off&#8221; _builder_version=&#8221;4.16&#8243; height=&#8221;240px&#8221; global_colors_info=&#8221;{}&#8221;][\/et_pb_divider][\/et_pb_column][et_pb_column type=&#8221;2_3&#8243; specialty_columns=&#8221;2&#8243; _builder_version=&#8221;4.16&#8243; background_color=&#8221;#f7f7f7&#8243; custom_padding=&#8221;|||&#8221; global_colors_info=&#8221;{}&#8221; custom_padding__hover=&#8221;|||&#8221;][et_pb_row_inner custom_padding_last_edited=&#8221;on|tablet&#8221; _builder_version=&#8221;4.16&#8243; custom_margin=&#8221;|||&#8221; custom_padding=&#8221;|8vw|45px|8vw|false|false&#8221; custom_padding_tablet=&#8221;|40px||40px||true&#8221; custom_padding_phone=&#8221;&#8221; global_colors_info=&#8221;{}&#8221;][et_pb_column_inner saved_specialty_column_type=&#8221;2_3&#8243; _builder_version=&#8221;4.16&#8243; custom_padding=&#8221;|||&#8221; global_colors_info=&#8221;{}&#8221; custom_padding__hover=&#8221;|||&#8221;][et_pb_text _builder_version=&#8221;4.16&#8243; text_font=&#8221;||||||||&#8221; header_font=&#8221;||||||||&#8221; header_2_font=&#8221;Rubik|700|||||||&#8221; header_2_font_size=&#8221;42px&#8221; header_2_line_height=&#8221;1.2em&#8221; module_alignment=&#8221;center&#8221; custom_margin=&#8221;|||&#8221; custom_padding=&#8221;|||&#8221; header_2_font_size_tablet=&#8221;&#8221; header_2_font_size_phone=&#8221;36px&#8221; header_2_font_size_last_edited=&#8221;on|phone&#8221; locked=&#8221;off&#8221; global_colors_info=&#8221;{}&#8221;]<\/p>\n<h2>We provide safe and accessible storage.<\/h2>\n<p>[\/et_pb_text][et_pb_divider color=&#8221;#ffb400&#8243; divider_position=&#8221;center&#8221; divider_weight=&#8221;5px&#8221; _builder_version=&#8221;4.16&#8243; max_width=&#8221;50px&#8221; global_colors_info=&#8221;{}&#8221;][\/et_pb_divider][\/et_pb_column_inner][\/et_pb_row_inner][et_pb_row_inner use_custom_gutter=&#8221;on&#8221; custom_padding_last_edited=&#8221;on|tablet&#8221; _builder_version=&#8221;4.16&#8243; module_alignment=&#8221;center&#8221; custom_margin=&#8221;|||&#8221; custom_padding=&#8221;0px|8vw|0px|8vw|true|true&#8221; custom_padding_tablet=&#8221;|40px||40px||true&#8221; custom_padding_phone=&#8221;&#8221; global_colors_info=&#8221;{}&#8221;][et_pb_column_inner saved_specialty_column_type=&#8221;2_3&#8243; _builder_version=&#8221;4.16&#8243; custom_padding=&#8221;|||&#8221; custom_padding_tablet=&#8221;|0px||&#8221; custom_padding_last_edited=&#8221;off|desktop&#8221; global_colors_info=&#8221;{}&#8221; padding_tablet=&#8221;|0px||&#8221; padding_last_edited=&#8221;off|desktop&#8221; custom_padding__hover=&#8221;|||&#8221;][et_pb_text _builder_version=&#8221;4.16&#8243; text_font=&#8221;||||||||&#8221; text_font_size=&#8221;15px&#8221; text_line_height=&#8221;1.8em&#8221; custom_padding=&#8221;|||&#8221; custom_padding_tablet=&#8221;|40px||40px||true&#8221; custom_padding_last_edited=&#8221;off|desktop&#8221; global_colors_info=&#8221;{}&#8221;]<\/p>\n<p>We meet your storage needs for motorcycles, ATVs, side-by-sides and snowmobiles. At a competitive price, your vehicles remain accessible within 24 hours. (working days)<\/p>\n<p>You can be sure that your precious vehicules will be safe and treated with respect. <\/p>\n<p>[\/et_pb_text][et_pb_text _builder_version=&#8221;4.16&#8243; text_font=&#8221;||||||||&#8221; text_font_size=&#8221;15px&#8221; text_line_height=&#8221;1.8em&#8221; locked=&#8221;off&#8221; global_colors_info=&#8221;{}&#8221;][\/et_pb_text][\/et_pb_column_inner][\/et_pb_row_inner][\/et_pb_column][\/et_pb_section]<\/p>\n","protected":false},"excerpt":{"rendered":"<p>Storage We store your motorcycles, ATVs and snowmobiles.We provide safe and accessible storage.We meet your storage needs for motorcycles, ATVs, side-by-sides and snowmobiles. At a competitive price, your vehicles remain accessible within 24 hours. (working days) You can be sure that your precious vehicules will be safe and treated with respect.<\/p>\n","protected":false},"author":2,"featured_media":0,"parent":0,"menu_order":0,"comment_status":"closed","ping_status":"closed","template":"","meta":{"_et_pb_use_builder":"on","_et_pb_old_content":"","_et_gb_content_width":"","footnotes":""},"class_list":["post-745","page","type-page","status-publish","hentry"],"yoast_head":"<!-- This site is optimized with the Yoast SEO plugin v26.7 - https:\/\/yoast.com\/wordpress\/plugins\/seo\/ -->\n<title>Storage - Les Entreprises Fran\u00e7ois Michel<\/title>\n<meta name=\"robots\" content=\"index, follow, max-snippet:-1, max-image-preview:large, max-video-preview:-1\" \/>\n<link rel=\"canonical\" href=\"https:\/\/www.entreprises-fm.com\/en\/storage\/\" \/>\n<meta property=\"og:locale\" content=\"en_US\" \/>\n<meta property=\"og:type\" content=\"article\" \/>\n<meta property=\"og:title\" content=\"Storage - Les Entreprises Fran\u00e7ois Michel\" \/>\n<meta property=\"og:description\" content=\"Storage We store your motorcycles, ATVs and snowmobiles.We provide safe and accessible storage.We meet your storage needs for motorcycles, ATVs, side-by-sides and snowmobiles. At a competitive price, your vehicles remain accessible within 24 hours. (working days) You can be sure that your precious vehicules will be safe and treated with respect.\" \/>\n<meta property=\"og:url\" content=\"https:\/\/www.entreprises-fm.com\/en\/storage\/\" \/>\n<meta property=\"og:site_name\" content=\"Les Entreprises Fran\u00e7ois Michel\" \/>\n<meta property=\"article:modified_time\" content=\"2022-12-08T16:00:36+00:00\" \/>\n<meta property=\"og:image\" content=\"https:\/\/www.entreprises-fm.com\/wp-content\/uploads\/2021\/12\/les-entreprises-fm-logo-og.jpg\" \/>\n\t<meta property=\"og:image:width\" content=\"1200\" \/>\n\t<meta property=\"og:image:height\" content=\"630\" \/>\n\t<meta property=\"og:image:type\" content=\"image\/jpeg\" \/>\n<meta name=\"twitter:card\" content=\"summary_large_image\" \/>\n<meta name=\"twitter:label1\" content=\"Est. reading time\" \/>\n\t<meta name=\"twitter:data1\" content=\"5 minutes\" \/>\n<script type=\"application\/ld+json\" class=\"yoast-schema-graph\">{\"@context\":\"https:\/\/schema.org\",\"@graph\":[{\"@type\":\"WebPage\",\"@id\":\"https:\/\/www.entreprises-fm.com\/en\/storage\/\",\"url\":\"https:\/\/www.entreprises-fm.com\/en\/storage\/\",\"name\":\"Storage - Les Entreprises Fran\u00e7ois Michel\",\"isPartOf\":{\"@id\":\"https:\/\/www.entreprises-fm.com\/en\/#website\"},\"datePublished\":\"2022-01-24T20:12:57+00:00\",\"dateModified\":\"2022-12-08T16:00:36+00:00\",\"breadcrumb\":{\"@id\":\"https:\/\/www.entreprises-fm.com\/en\/storage\/#breadcrumb\"},\"inLanguage\":\"en-CA\",\"potentialAction\":[{\"@type\":\"ReadAction\",\"target\":[\"https:\/\/www.entreprises-fm.com\/en\/storage\/\"]}]},{\"@type\":\"BreadcrumbList\",\"@id\":\"https:\/\/www.entreprises-fm.com\/en\/storage\/#breadcrumb\",\"itemListElement\":[{\"@type\":\"ListItem\",\"position\":1,\"name\":\"Accueil\",\"item\":\"https:\/\/www.entreprises-fm.com\/en\/\"},{\"@type\":\"ListItem\",\"position\":2,\"name\":\"Storage\"}]},{\"@type\":\"WebSite\",\"@id\":\"https:\/\/www.entreprises-fm.com\/en\/#website\",\"url\":\"https:\/\/www.entreprises-fm.com\/en\/\",\"name\":\"Les Entreprises Fran\u00e7ois Michel\",\"description\":\"Entretien et r\u00e9paration de v\u00e9hicules r\u00e9cr\u00e9atifs\",\"potentialAction\":[{\"@type\":\"SearchAction\",\"target\":{\"@type\":\"EntryPoint\",\"urlTemplate\":\"https:\/\/www.entreprises-fm.com\/en\/?s={search_term_string}\"},\"query-input\":{\"@type\":\"PropertyValueSpecification\",\"valueRequired\":true,\"valueName\":\"search_term_string\"}}],\"inLanguage\":\"en-CA\"}]}<\/script>\n<!-- \/ Yoast SEO plugin. -->","yoast_head_json":{"title":"Storage - Les Entreprises Fran\u00e7ois Michel","robots":{"index":"index","follow":"follow","max-snippet":"max-snippet:-1","max-image-preview":"max-image-preview:large","max-video-preview":"max-video-preview:-1"},"canonical":"https:\/\/www.entreprises-fm.com\/en\/storage\/","og_locale":"en_US","og_type":"article","og_title":"Storage - Les Entreprises Fran\u00e7ois Michel","og_description":"Storage We store your motorcycles, ATVs and snowmobiles.We provide safe and accessible storage.We meet your storage needs for motorcycles, ATVs, side-by-sides and snowmobiles. At a competitive price, your vehicles remain accessible within 24 hours. (working days) You can be sure that your precious vehicules will be safe and treated with respect.","og_url":"https:\/\/www.entreprises-fm.com\/en\/storage\/","og_site_name":"Les Entreprises Fran\u00e7ois Michel","article_modified_time":"2022-12-08T16:00:36+00:00","og_image":[{"width":1200,"height":630,"url":"https:\/\/www.entreprises-fm.com\/wp-content\/uploads\/2021\/12\/les-entreprises-fm-logo-og.jpg","type":"image\/jpeg"}],"twitter_card":"summary_large_image","twitter_misc":{"Est. reading time":"5 minutes"},"schema":{"@context":"https:\/\/schema.org","@graph":[{"@type":"WebPage","@id":"https:\/\/www.entreprises-fm.com\/en\/storage\/","url":"https:\/\/www.entreprises-fm.com\/en\/storage\/","name":"Storage - Les Entreprises Fran\u00e7ois Michel","isPartOf":{"@id":"https:\/\/www.entreprises-fm.com\/en\/#website"},"datePublished":"2022-01-24T20:12:57+00:00","dateModified":"2022-12-08T16:00:36+00:00","breadcrumb":{"@id":"https:\/\/www.entreprises-fm.com\/en\/storage\/#breadcrumb"},"inLanguage":"en-CA","potentialAction":[{"@type":"ReadAction","target":["https:\/\/www.entreprises-fm.com\/en\/storage\/"]}]},{"@type":"BreadcrumbList","@id":"https:\/\/www.entreprises-fm.com\/en\/storage\/#breadcrumb","itemListElement":[{"@type":"ListItem","position":1,"name":"Accueil","item":"https:\/\/www.entreprises-fm.com\/en\/"},{"@type":"ListItem","position":2,"name":"Storage"}]},{"@type":"WebSite","@id":"https:\/\/www.entreprises-fm.com\/en\/#website","url":"https:\/\/www.entreprises-fm.com\/en\/","name":"Les Entreprises Fran\u00e7ois Michel","description":"Entretien et r\u00e9paration de v\u00e9hicules r\u00e9cr\u00e9atifs","potentialAction":[{"@type":"SearchAction","target":{"@type":"EntryPoint","urlTemplate":"https:\/\/www.entreprises-fm.com\/en\/?s={search_term_string}"},"query-input":{"@type":"PropertyValueSpecification","valueRequired":true,"valueName":"search_term_string"}}],"inLanguage":"en-CA"}]}},"_links":{"self":[{"href":"https:\/\/www.entreprises-fm.com\/en\/wp-json\/wp\/v2\/pages\/745","targetHints":{"allow":["GET"]}}],"collection":[{"href":"https:\/\/www.entreprises-fm.com\/en\/wp-json\/wp\/v2\/pages"}],"about":[{"href":"https:\/\/www.entreprises-fm.com\/en\/wp-json\/wp\/v2\/types\/page"}],"author":[{"embeddable":true,"href":"https:\/\/www.entreprises-fm.com\/en\/wp-json\/wp\/v2\/users\/2"}],"replies":[{"embeddable":true,"href":"https:\/\/www.entreprises-fm.com\/en\/wp-json\/wp\/v2\/comments?post=745"}],"version-history":[{"count":3,"href":"https:\/\/www.entreprises-fm.com\/en\/wp-json\/wp\/v2\/pages\/745\/revisions"}],"predecessor-version":[{"id":880,"href":"https:\/\/www.entreprises-fm.com\/en\/wp-json\/wp\/v2\/pages\/745\/revisions\/880"}],"wp:attachment":[{"href":"https:\/\/www.entreprises-fm.com\/en\/wp-json\/wp\/v2\/media?parent=745"}],"curies":[{"name":"wp","href":"https:\/\/api.w.org\/{rel}","templated":true}]}}