{"id":849,"date":"2022-01-19T14:53:54","date_gmt":"2022-01-19T19:53:54","guid":{"rendered":"https:\/\/dev.entreprises-fm.com\/about\/team\/"},"modified":"2022-11-11T16:27:33","modified_gmt":"2022-11-11T21:27:33","slug":"team","status":"publish","type":"page","link":"https:\/\/www.entreprises-fm.com\/en\/about\/team\/","title":{"rendered":"Team"},"content":{"rendered":"<p>[et_pb_section fb_built=&#8221;1&#8243; admin_label=&#8221;Join Now Call to Action&#8221; _builder_version=&#8221;4.16&#8243; background_color=&#8221;#e31d22&#8243; background_color_gradient_direction=&#8221;105deg&#8221; background_color_gradient_start=&#8221;rgba(255,255,255,0)&#8221; background_color_gradient_end=&#8221;rgba(255,255,255,0)&#8221; custom_margin=&#8221;|||&#8221; custom_padding=&#8221;60px|0px|60px|0px&#8221; locked=&#8221;off&#8221; global_colors_info=&#8221;{}&#8221;][et_pb_row _builder_version=&#8221;4.16&#8243; global_colors_info=&#8221;{}&#8221;][et_pb_column type=&#8221;4_4&#8243; _builder_version=&#8221;4.16&#8243; custom_padding=&#8221;|||&#8221; global_colors_info=&#8221;{}&#8221; custom_padding__hover=&#8221;|||&#8221;][et_pb_text _builder_version=&#8221;4.16&#8243; text_font=&#8221;Poppins||||||||&#8221; text_text_color=&#8221;rgba(255,255,255,0.8)&#8221; text_font_size=&#8221;18px&#8221; text_line_height=&#8221;1.8em&#8221; header_font=&#8221;Poppins|600|||||||&#8221; header_text_color=&#8221;#ffffff&#8221; header_font_size=&#8221;48px&#8221; header_line_height=&#8221;1.4em&#8221; header_3_font=&#8221;Poppins|600|||||||&#8221; header_3_font_size=&#8221;36px&#8221; header_3_line_height=&#8221;1.4em&#8221; background_layout=&#8221;dark&#8221; max_width=&#8221;600px&#8221; module_alignment=&#8221;left&#8221; custom_margin=&#8221;|||&#8221; global_colors_info=&#8221;{}&#8221;]<\/p>\n<h1>Our team<\/h1>\n<p>Customer service is a priority for us. The members of our team will be happy to welcome you and answer your questions.<\/p>\n<p>[\/et_pb_text][\/et_pb_column][\/et_pb_row][\/et_pb_section][et_pb_section fb_built=&#8221;1&#8243; admin_label=&#8221;Our Teachers Section&#8221; _builder_version=&#8221;4.17.3&#8243; background_color=&#8221;rgba(0,0,0,0.8)&#8221; custom_padding=&#8221;110px|0px|110px|0px&#8221; hover_enabled=&#8221;0&#8243; global_colors_info=&#8221;{}&#8221; sticky_enabled=&#8221;0&#8243;][et_pb_row column_structure=&#8221;1_2,1_2&#8243; use_custom_gutter=&#8221;on&#8221; gutter_width=&#8221;2&#8243; custom_padding_last_edited=&#8221;on|desktop&#8221; _builder_version=&#8221;4.16&#8243; custom_padding=&#8221;|||&#8221; custom_padding_tablet=&#8221;0px||0px|&#8221; custom_padding_phone=&#8221;&#8221; locked=&#8221;off&#8221; global_colors_info=&#8221;{}&#8221;][et_pb_column type=&#8221;1_2&#8243; _builder_version=&#8221;4.16&#8243; custom_padding=&#8221;|||&#8221; global_colors_info=&#8221;{}&#8221; custom_padding__hover=&#8221;|||&#8221;][et_pb_team_member name=&#8221;Fran\u00e7ois Michel&#8221; position=&#8221;Owner&#8221; image_url=&#8221;https:\/\/www.entreprises-fm.com\/wp-content\/uploads\/2022\/01\/65991613350__282072D4-CBBA-498D-99C6-858107334564-rotated.jpg&#8221; icon_color=&#8221;#44d89e&#8221; _builder_version=&#8221;4.17.3&#8243; header_font=&#8221;Poppins|500|||||||&#8221; header_text_color=&#8221;#486066&#8243; header_font_size=&#8221;18px&#8221; body_font=&#8221;Open Sans||||||||&#8221; body_line_height=&#8221;1.8em&#8221; background_color=&#8221;#E31D22&#8243; text_orientation=&#8221;center&#8221; max_width=&#8221;360px&#8221; module_alignment=&#8221;center&#8221; custom_margin=&#8221;|||&#8221; custom_padding=&#8221;30px|30px|30px|30px&#8221; animation_style=&#8221;fade&#8221; hover_enabled=&#8221;0&#8243; border_radii=&#8221;on|6px|6px|6px|6px&#8221; box_shadow_style=&#8221;preset1&#8243; box_shadow_vertical=&#8221;10px&#8221; box_shadow_blur=&#8221;24px&#8221; box_shadow_spread=&#8221;6px&#8221; box_shadow_color=&#8221;rgba(0,0,0,0.06)&#8221; icon_hover_color=&#8221;#353740&#8243; global_colors_info=&#8221;{}&#8221; icon_color__hover=&#8221;#353740&#8243; icon_color__hover_enabled=&#8221;on&#8221; use_background_color_gradient=&#8221;on&#8221; background_color_gradient_stops=&#8221;#e31d22 0%|#f2e515 99%&#8221; sticky_enabled=&#8221;0&#8243; header_level=&#8221;h6&#8243; position_text_color=&#8221;#E31D22&#8243;]<\/p>\n<p>Operates his company since 2001, but has been working in the field since 1996. His passion for off-road vehicles was born in his early teens.<\/p>\n<p>[\/et_pb_team_member][\/et_pb_column][et_pb_column type=&#8221;1_2&#8243; _builder_version=&#8221;4.16&#8243; custom_padding=&#8221;|||&#8221; global_colors_info=&#8221;{}&#8221; custom_padding__hover=&#8221;|||&#8221;][et_pb_team_member name=&#8221;R\u00e9mi Leblanc&#8221; position=&#8221;Mechanician&#8221; image_url=&#8221;https:\/\/www.entreprises-fm.com\/wp-content\/uploads\/2021\/12\/Bitmap3.jpg&#8221; icon_color=&#8221;#44d89e&#8221; _builder_version=&#8221;4.17.3&#8243; header_font=&#8221;Poppins|500|||||||&#8221; header_text_color=&#8221;#486066&#8243; header_font_size=&#8221;18px&#8221; body_font=&#8221;Open Sans||||||||&#8221; body_line_height=&#8221;1.8em&#8221; background_color=&#8221;#E31D22&#8243; text_orientation=&#8221;center&#8221; max_width=&#8221;360px&#8221; module_alignment=&#8221;center&#8221; custom_margin=&#8221;|||&#8221; custom_padding=&#8221;30px|30px|30px|30px&#8221; animation_style=&#8221;fade&#8221; animation_delay=&#8221;100ms&#8221; hover_enabled=&#8221;0&#8243; border_radii=&#8221;on|6px|6px|6px|6px&#8221; box_shadow_style=&#8221;preset1&#8243; box_shadow_vertical=&#8221;10px&#8221; box_shadow_blur=&#8221;24px&#8221; box_shadow_spread=&#8221;6px&#8221; box_shadow_color=&#8221;rgba(0,0,0,0.06)&#8221; icon_hover_color=&#8221;#353740&#8243; global_colors_info=&#8221;{}&#8221; icon_color__hover=&#8221;#353740&#8243; icon_color__hover_enabled=&#8221;on&#8221; use_background_color_gradient=&#8221;on&#8221; background_color_gradient_stops=&#8221;#e31d22 0%|#f2e515 100%&#8221; header_level=&#8221;h6&#8243; position_text_color=&#8221;#E31D22&#8243; sticky_enabled=&#8221;0&#8243;]<\/p>\n<p>Has worked for the company for 5 years. He graduated from CFP Ste-Th\u00e9r\u00e8se in light vehicle mechanics.<\/p>\n<p>[\/et_pb_team_member][\/et_pb_column][\/et_pb_row][et_pb_row column_structure=&#8221;1_2,1_2&#8243; use_custom_gutter=&#8221;on&#8221; gutter_width=&#8221;2&#8243; custom_padding_last_edited=&#8221;on|desktop&#8221; _builder_version=&#8221;4.16&#8243; custom_padding=&#8221;|||&#8221; custom_padding_tablet=&#8221;0px||0px|&#8221; custom_padding_phone=&#8221;&#8221; locked=&#8221;off&#8221; global_colors_info=&#8221;{}&#8221;][et_pb_column type=&#8221;1_2&#8243; _builder_version=&#8221;4.16&#8243; custom_padding=&#8221;|||&#8221; global_colors_info=&#8221;{}&#8221; custom_padding__hover=&#8221;|||&#8221;][et_pb_team_member name=&#8221;Mathieu Giroux&#8221; position=&#8221;Mechanician&#8221; image_url=&#8221;https:\/\/www.entreprises-fm.com\/wp-content\/uploads\/2022\/01\/Mathieu-Giroux.jpg&#8221; icon_color=&#8221;#44d89e&#8221; _builder_version=&#8221;4.17.3&#8243; header_font=&#8221;Poppins|500|||||||&#8221; header_text_color=&#8221;#486066&#8243; header_font_size=&#8221;18px&#8221; body_font=&#8221;Open Sans||||||||&#8221; body_line_height=&#8221;1.8em&#8221; background_color=&#8221;#E31D22&#8243; text_orientation=&#8221;center&#8221; max_width=&#8221;360px&#8221; module_alignment=&#8221;center&#8221; custom_margin=&#8221;|||&#8221; custom_padding=&#8221;30px|30px|30px|30px&#8221; animation_style=&#8221;fade&#8221; hover_enabled=&#8221;0&#8243; border_radii=&#8221;on|6px|6px|6px|6px&#8221; box_shadow_style=&#8221;preset1&#8243; box_shadow_vertical=&#8221;10px&#8221; box_shadow_blur=&#8221;24px&#8221; box_shadow_spread=&#8221;6px&#8221; box_shadow_color=&#8221;rgba(0,0,0,0.06)&#8221; icon_hover_color=&#8221;#353740&#8243; global_colors_info=&#8221;{}&#8221; icon_color__hover=&#8221;#353740&#8243; icon_color__hover_enabled=&#8221;on&#8221; use_background_color_gradient=&#8221;on&#8221; background_color_gradient_stops=&#8221;#e31d22 0%|#f2e515 100%&#8221; header_level=&#8221;h6&#8243; position_text_color=&#8221;#E31D22&#8243; sticky_enabled=&#8221;0&#8243;]<\/p>\n<p>Following his internship with our company, which he succeeded remarkably, he has carved out a place for himself as a mechanic for 2 years now.<\/p>\n<p>[\/et_pb_team_member][\/et_pb_column][et_pb_column type=&#8221;1_2&#8243; _builder_version=&#8221;4.16&#8243; custom_padding=&#8221;|||&#8221; global_colors_info=&#8221;{}&#8221; custom_padding__hover=&#8221;|||&#8221;][et_pb_team_member name=&#8221;Ericka Gonthier&#8221; position=&#8221;Secretary&#8221; image_url=&#8221;https:\/\/www.entreprises-fm.com\/wp-content\/uploads\/2022\/11\/Ericka-2.jpg&#8221; icon_color=&#8221;#E31D22&#8243; _builder_version=&#8221;4.17.3&#8243; header_font=&#8221;Poppins|500|||||||&#8221; header_text_color=&#8221;#486066&#8243; header_font_size=&#8221;18px&#8221; body_font=&#8221;Open Sans||||||||&#8221; body_line_height=&#8221;1.8em&#8221; background_color=&#8221;#E31D22&#8243; text_orientation=&#8221;center&#8221; max_width=&#8221;360px&#8221; module_alignment=&#8221;center&#8221; custom_margin=&#8221;|||&#8221; custom_padding=&#8221;30px|30px|30px|30px&#8221; animation_style=&#8221;fade&#8221; animation_delay=&#8221;100ms&#8221; hover_enabled=&#8221;0&#8243; border_radii=&#8221;on|6px|6px|6px|6px&#8221; box_shadow_style=&#8221;preset1&#8243; box_shadow_vertical=&#8221;10px&#8221; box_shadow_blur=&#8221;24px&#8221; box_shadow_spread=&#8221;6px&#8221; box_shadow_color=&#8221;rgba(0,0,0,0.06)&#8221; icon_hover_color=&#8221;#353740&#8243; global_colors_info=&#8221;{}&#8221; icon_color__hover=&#8221;#353740&#8243; icon_color__hover_enabled=&#8221;on&#8221; title_text=&#8221;Ericka 2&#8243; sticky_enabled=&#8221;0&#8243; use_background_color_gradient=&#8221;on&#8221; background_enable_pattern_style=&#8221;on&#8221; background_pattern_color=&#8221;RGBA(255,255,255,0)&#8221; background_color_gradient_stops=&#8221;#e31d22 0%|#f2e515 100%&#8221; header_level=&#8221;h6&#8243; position_text_color=&#8221;#E31D22&#8243;]<\/p>\n<p>Following a career change, she plunged into a completely new world. For the past 2 years, she has been welcoming clients and taking care of bookkeeping.<\/p>\n<p>[\/et_pb_team_member][\/et_pb_column][\/et_pb_row][\/et_pb_section]<\/p>\n","protected":false},"excerpt":{"rendered":"<p>Our team Customer service is a priority for us. The members of our team will be happy to welcome you and answer your questions.Operates his company since 2001, but has been working in the field since 1996. His passion for off-road vehicles was born in his early teens.Has worked for the company for 5 years. [&hellip;]<\/p>\n","protected":false},"author":2,"featured_media":0,"parent":658,"menu_order":0,"comment_status":"closed","ping_status":"closed","template":"","meta":{"_et_pb_use_builder":"on","_et_pb_old_content":"","_et_gb_content_width":"","footnotes":""},"class_list":["post-849","page","type-page","status-publish","hentry"],"yoast_head":"<!-- This site is optimized with the Yoast SEO plugin v26.7 - https:\/\/yoast.com\/wordpress\/plugins\/seo\/ -->\n<title>Team - Les Entreprises Fran\u00e7ois Michel<\/title>\n<meta name=\"robots\" content=\"index, follow, max-snippet:-1, max-image-preview:large, max-video-preview:-1\" \/>\n<link rel=\"canonical\" href=\"https:\/\/www.entreprises-fm.com\/en\/about\/team\/\" \/>\n<meta property=\"og:locale\" content=\"en_US\" \/>\n<meta property=\"og:type\" content=\"article\" \/>\n<meta property=\"og:title\" content=\"Team - Les Entreprises Fran\u00e7ois Michel\" \/>\n<meta property=\"og:description\" content=\"Our team Customer service is a priority for us. The members of our team will be happy to welcome you and answer your questions.Operates his company since 2001, but has been working in the field since 1996. His passion for off-road vehicles was born in his early teens.Has worked for the company for 5 years. [&hellip;]\" \/>\n<meta property=\"og:url\" content=\"https:\/\/www.entreprises-fm.com\/en\/about\/team\/\" \/>\n<meta property=\"og:site_name\" content=\"Les Entreprises Fran\u00e7ois Michel\" \/>\n<meta property=\"article:modified_time\" content=\"2022-11-11T21:27:33+00:00\" \/>\n<meta property=\"og:image\" content=\"https:\/\/www.entreprises-fm.com\/wp-content\/uploads\/2021\/12\/les-entreprises-fm-logo-og.jpg\" \/>\n\t<meta property=\"og:image:width\" content=\"1200\" \/>\n\t<meta property=\"og:image:height\" content=\"630\" \/>\n\t<meta property=\"og:image:type\" content=\"image\/jpeg\" \/>\n<meta name=\"twitter:card\" content=\"summary_large_image\" \/>\n<meta name=\"twitter:label1\" content=\"Est. reading time\" \/>\n\t<meta name=\"twitter:data1\" content=\"5 minutes\" \/>\n<script type=\"application\/ld+json\" class=\"yoast-schema-graph\">{\"@context\":\"https:\/\/schema.org\",\"@graph\":[{\"@type\":\"WebPage\",\"@id\":\"https:\/\/www.entreprises-fm.com\/en\/about\/team\/\",\"url\":\"https:\/\/www.entreprises-fm.com\/en\/about\/team\/\",\"name\":\"Team - Les Entreprises Fran\u00e7ois Michel\",\"isPartOf\":{\"@id\":\"https:\/\/www.entreprises-fm.com\/en\/#website\"},\"datePublished\":\"2022-01-19T19:53:54+00:00\",\"dateModified\":\"2022-11-11T21:27:33+00:00\",\"breadcrumb\":{\"@id\":\"https:\/\/www.entreprises-fm.com\/en\/about\/team\/#breadcrumb\"},\"inLanguage\":\"en-CA\",\"potentialAction\":[{\"@type\":\"ReadAction\",\"target\":[\"https:\/\/www.entreprises-fm.com\/en\/about\/team\/\"]}]},{\"@type\":\"BreadcrumbList\",\"@id\":\"https:\/\/www.entreprises-fm.com\/en\/about\/team\/#breadcrumb\",\"itemListElement\":[{\"@type\":\"ListItem\",\"position\":1,\"name\":\"Accueil\",\"item\":\"https:\/\/www.entreprises-fm.com\/en\/\"},{\"@type\":\"ListItem\",\"position\":2,\"name\":\"About\",\"item\":\"https:\/\/www.entreprises-fm.com\/en\/about\/\"},{\"@type\":\"ListItem\",\"position\":3,\"name\":\"Team\"}]},{\"@type\":\"WebSite\",\"@id\":\"https:\/\/www.entreprises-fm.com\/en\/#website\",\"url\":\"https:\/\/www.entreprises-fm.com\/en\/\",\"name\":\"Les Entreprises Fran\u00e7ois Michel\",\"description\":\"Entretien et r\u00e9paration de v\u00e9hicules r\u00e9cr\u00e9atifs\",\"potentialAction\":[{\"@type\":\"SearchAction\",\"target\":{\"@type\":\"EntryPoint\",\"urlTemplate\":\"https:\/\/www.entreprises-fm.com\/en\/?s={search_term_string}\"},\"query-input\":{\"@type\":\"PropertyValueSpecification\",\"valueRequired\":true,\"valueName\":\"search_term_string\"}}],\"inLanguage\":\"en-CA\"}]}<\/script>\n<!-- \/ Yoast SEO plugin. -->","yoast_head_json":{"title":"Team - Les Entreprises Fran\u00e7ois Michel","robots":{"index":"index","follow":"follow","max-snippet":"max-snippet:-1","max-image-preview":"max-image-preview:large","max-video-preview":"max-video-preview:-1"},"canonical":"https:\/\/www.entreprises-fm.com\/en\/about\/team\/","og_locale":"en_US","og_type":"article","og_title":"Team - Les Entreprises Fran\u00e7ois Michel","og_description":"Our team Customer service is a priority for us. The members of our team will be happy to welcome you and answer your questions.Operates his company since 2001, but has been working in the field since 1996. His passion for off-road vehicles was born in his early teens.Has worked for the company for 5 years. [&hellip;]","og_url":"https:\/\/www.entreprises-fm.com\/en\/about\/team\/","og_site_name":"Les Entreprises Fran\u00e7ois Michel","article_modified_time":"2022-11-11T21:27:33+00:00","og_image":[{"width":1200,"height":630,"url":"https:\/\/www.entreprises-fm.com\/wp-content\/uploads\/2021\/12\/les-entreprises-fm-logo-og.jpg","type":"image\/jpeg"}],"twitter_card":"summary_large_image","twitter_misc":{"Est. reading time":"5 minutes"},"schema":{"@context":"https:\/\/schema.org","@graph":[{"@type":"WebPage","@id":"https:\/\/www.entreprises-fm.com\/en\/about\/team\/","url":"https:\/\/www.entreprises-fm.com\/en\/about\/team\/","name":"Team - Les Entreprises Fran\u00e7ois Michel","isPartOf":{"@id":"https:\/\/www.entreprises-fm.com\/en\/#website"},"datePublished":"2022-01-19T19:53:54+00:00","dateModified":"2022-11-11T21:27:33+00:00","breadcrumb":{"@id":"https:\/\/www.entreprises-fm.com\/en\/about\/team\/#breadcrumb"},"inLanguage":"en-CA","potentialAction":[{"@type":"ReadAction","target":["https:\/\/www.entreprises-fm.com\/en\/about\/team\/"]}]},{"@type":"BreadcrumbList","@id":"https:\/\/www.entreprises-fm.com\/en\/about\/team\/#breadcrumb","itemListElement":[{"@type":"ListItem","position":1,"name":"Accueil","item":"https:\/\/www.entreprises-fm.com\/en\/"},{"@type":"ListItem","position":2,"name":"About","item":"https:\/\/www.entreprises-fm.com\/en\/about\/"},{"@type":"ListItem","position":3,"name":"Team"}]},{"@type":"WebSite","@id":"https:\/\/www.entreprises-fm.com\/en\/#website","url":"https:\/\/www.entreprises-fm.com\/en\/","name":"Les Entreprises Fran\u00e7ois Michel","description":"Entretien et r\u00e9paration de v\u00e9hicules r\u00e9cr\u00e9atifs","potentialAction":[{"@type":"SearchAction","target":{"@type":"EntryPoint","urlTemplate":"https:\/\/www.entreprises-fm.com\/en\/?s={search_term_string}"},"query-input":{"@type":"PropertyValueSpecification","valueRequired":true,"valueName":"search_term_string"}}],"inLanguage":"en-CA"}]}},"_links":{"self":[{"href":"https:\/\/www.entreprises-fm.com\/en\/wp-json\/wp\/v2\/pages\/849","targetHints":{"allow":["GET"]}}],"collection":[{"href":"https:\/\/www.entreprises-fm.com\/en\/wp-json\/wp\/v2\/pages"}],"about":[{"href":"https:\/\/www.entreprises-fm.com\/en\/wp-json\/wp\/v2\/types\/page"}],"author":[{"embeddable":true,"href":"https:\/\/www.entreprises-fm.com\/en\/wp-json\/wp\/v2\/users\/2"}],"replies":[{"embeddable":true,"href":"https:\/\/www.entreprises-fm.com\/en\/wp-json\/wp\/v2\/comments?post=849"}],"version-history":[{"count":2,"href":"https:\/\/www.entreprises-fm.com\/en\/wp-json\/wp\/v2\/pages\/849\/revisions"}],"predecessor-version":[{"id":851,"href":"https:\/\/www.entreprises-fm.com\/en\/wp-json\/wp\/v2\/pages\/849\/revisions\/851"}],"up":[{"embeddable":true,"href":"https:\/\/www.entreprises-fm.com\/en\/wp-json\/wp\/v2\/pages\/658"}],"wp:attachment":[{"href":"https:\/\/www.entreprises-fm.com\/en\/wp-json\/wp\/v2\/media?parent=849"}],"curies":[{"name":"wp","href":"https:\/\/api.w.org\/{rel}","templated":true}]}}